{"id":1421,"date":"2025-05-10T14:32:58","date_gmt":"2025-05-10T12:32:58","guid":{"rendered":"https:\/\/www.foodie-gang.com\/product\/oliven-ohrringe\/"},"modified":"2025-09-27T11:31:22","modified_gmt":"2025-09-27T09:31:22","slug":"oliven-ohrringe","status":"publish","type":"product","link":"https:\/\/www.foodie-gang.com\/de\/produkt\/oliven-ohrringe\/","title":{"rendered":"Oliven-Ohrringe"},"content":{"rendered":"<h3>Diese Oliven-Ohrringe? Zum Anbei\u00dfen!<\/h3>\n<p>Wie w\u00e4rs, wenn Du sie zu einem minimalistischen B\u00fcro-Outfit tr\u00e4gst, um ein bisschen Food-Zauber in die Gesch\u00e4ftswelt zu bringen? Oder kombinierst Du sie lieber mit einem l\u00e4ssigen Kleid und begibst Dich auf die Suche nach neuen Food Spots? Sie passen auch toll zu einem maximalistischen Outfit f\u00fcr den n\u00e4chsten Streetfood-Markt. Eins ist sicher: Wie Du sie auch kombinierst, sie sind ein Highlight!<\/p>\n<p>Da Abby vom Bold Blossom Shop ihren Schmuck in Handarbeit herstellt, ist jede Olive ein Unikat. Au\u00dferdem verk\u00f6rpern sie beides, den Geist ihrer Marke und unsere Liebe f\u00fcr Essen. Geht\u2019s Dir genauso?<\/p>\n<p><strong>Sichere Dir die Ohrringe jetzt!<\/strong><\/p>\n","protected":false},"excerpt":{"rendered":"<p><span style=\"font-weight: 400;\">Lust auf eine Reise nach Spanien, Italien oder Griechenland? Kriegst Du \u2013 mit diesen Oliven-Ohrringen! Mit denen hast Du das Gef\u00fchl von einem tollen (Urlaubs-)Tag im Sommer bei jedem Outfit mit dabei. Yay!<\/span><\/p>\n","protected":false},"featured_media":695,"comment_status":"open","ping_status":"closed","template":"","meta":{"_acf_changed":false},"destination":[72,76,77],"product_brand":[46],"product_cat":[35],"product_tag":[],"class_list":{"0":"post-1421","1":"product","2":"type-product","3":"status-publish","4":"has-post-thumbnail","6":"destination-usa","7":"destination-world-of-veggies","8":"destination-italien","9":"product_brand-bold-blossom-shop","10":"product_cat-schmuck","12":"first","13":"instock","14":"taxable","15":"shipping-taxable","16":"purchasable","17":"product-type-simple"},"acf":[],"_links":{"self":[{"href":"https:\/\/www.foodie-gang.com\/de\/wp-json\/wp\/v2\/product\/1421","targetHints":{"allow":["GET"]}}],"collection":[{"href":"https:\/\/www.foodie-gang.com\/de\/wp-json\/wp\/v2\/product"}],"about":[{"href":"https:\/\/www.foodie-gang.com\/de\/wp-json\/wp\/v2\/types\/product"}],"replies":[{"embeddable":true,"href":"https:\/\/www.foodie-gang.com\/de\/wp-json\/wp\/v2\/comments?post=1421"}],"wp:featuredmedia":[{"embeddable":true,"href":"https:\/\/www.foodie-gang.com\/de\/wp-json\/wp\/v2\/media\/695"}],"wp:attachment":[{"href":"https:\/\/www.foodie-gang.com\/de\/wp-json\/wp\/v2\/media?parent=1421"}],"wp:term":[{"taxonomy":"destination","embeddable":true,"href":"https:\/\/www.foodie-gang.com\/de\/wp-json\/wp\/v2\/destination?post=1421"},{"taxonomy":"product_brand","embeddable":true,"href":"https:\/\/www.foodie-gang.com\/de\/wp-json\/wp\/v2\/product_brand?post=1421"},{"taxonomy":"product_cat","embeddable":true,"href":"https:\/\/www.foodie-gang.com\/de\/wp-json\/wp\/v2\/product_cat?post=1421"},{"taxonomy":"product_tag","embeddable":true,"href":"https:\/\/www.foodie-gang.com\/de\/wp-json\/wp\/v2\/product_tag?post=1421"}],"curies":[{"name":"wp","href":"https:\/\/api.w.org\/{rel}","templated":true}]}}